{"id":10560,"date":"2022-01-19T11:38:11","date_gmt":"2022-01-19T10:38:11","guid":{"rendered":"https:\/\/eoitecne.it\/?post_type=product&#038;p=10560"},"modified":"2025-10-08T17:17:45","modified_gmt":"2025-10-08T15:17:45","slug":"bmk-8i","status":"publish","type":"product","link":"https:\/\/eoitecne.it\/en\/product\/bmk-8i\/","title":{"rendered":"BMK-8i"},"content":{"rendered":"<table class=\"dati-tecnici\" border=\"0\">\n<tbody>\n<tr>\n<td><strong>Application range:<\/strong><\/td>\n<td>M3 \u2013 M10 RD, \u00d8 2\u20138 mm<\/td>\n<\/tr>\n<tr>\n<td><strong>Materials:<\/strong><\/td>\n<td>Steel, stainless steel, heat-resistant steel (aluminum in specific cases)<\/td>\n<\/tr>\n<tr>\n<td><strong>Welding system:<\/strong><\/td>\n<td>Short arc and lift arc Standard<\/td>\n<\/tr>\n<tr>\n<td><strong>Welding guns:<\/strong><\/td>\n<td>PH-9 SRM<\/td>\n<\/tr>\n<tr>\n<td><strong>Welding current:<\/strong><\/td>\n<td>100 A to 300 A<\/td>\n<\/tr>\n<tr>\n<td><strong>Welding time:<\/strong><\/td>\n<td>20 to 500 ms<\/td>\n<\/tr>\n<tr>\n<td><strong>Welding sequence:<\/strong><\/td>\n<td>\u00d8 3 mm \u2013 12 studs\/min | \u00d8 8 mm \u2013 3 studs\/min<\/td>\n<\/tr>\n<tr>\n<td><strong>Power supply:<\/strong><\/td>\n<td>230 V \u2013 50\/60 Hz \u2013 16 AT<\/td>\n<\/tr>\n<tr>\n<td><strong>Dimensions:<\/strong><\/td>\n<td>190 \u00d7 300 \u00d7 400 mm (W \u00d7 H \u00d7 L)<\/td>\n<\/tr>\n<tr>\n<td><strong>Weight:<\/strong><\/td>\n<td>9.5 kg<\/td>\n<\/tr>\n<tr>\n<td><strong>Color:<\/strong><\/td>\n<td>RAL 5009 Blue<\/td>\n<\/tr>\n<\/tbody>\n<\/table>\n","protected":false},"excerpt":{"rendered":"<p>The BMK-8i welding machine is compact, powerful, and highly energy-efficient. Designed to operate without three-phase power, it delivers high performance on single-phase supply, enhancing portability and versatility.<\/p>\n<p>Thanks to the integrated SRM technology, it ensures continuous and reliable welding even in confined spaces or challenging working conditions.<\/p>\n","protected":false},"featured_media":10185,"template":"","meta":[],"product_brand":[],"product_cat":[299,291,302],"product_tag":[],"class_list":{"0":"post-10560","1":"product","2":"type-product","3":"status-publish","4":"has-post-thumbnail","6":"product_cat-srm-arc-welders-en","7":"product_cat-stud-welding","8":"product_cat-welders-soyer","10":"first","11":"instock","12":"shipping-taxable","13":"product-type-simple"},"acf":[],"_links":{"self":[{"href":"https:\/\/eoitecne.it\/en\/wp-json\/wp\/v2\/product\/10560","targetHints":{"allow":["GET"]}}],"collection":[{"href":"https:\/\/eoitecne.it\/en\/wp-json\/wp\/v2\/product"}],"about":[{"href":"https:\/\/eoitecne.it\/en\/wp-json\/wp\/v2\/types\/product"}],"wp:featuredmedia":[{"embeddable":true,"href":"https:\/\/eoitecne.it\/en\/wp-json\/wp\/v2\/media\/10185"}],"wp:attachment":[{"href":"https:\/\/eoitecne.it\/en\/wp-json\/wp\/v2\/media?parent=10560"}],"wp:term":[{"taxonomy":"product_brand","embeddable":true,"href":"https:\/\/eoitecne.it\/en\/wp-json\/wp\/v2\/product_brand?post=10560"},{"taxonomy":"product_cat","embeddable":true,"href":"https:\/\/eoitecne.it\/en\/wp-json\/wp\/v2\/product_cat?post=10560"},{"taxonomy":"product_tag","embeddable":true,"href":"https:\/\/eoitecne.it\/en\/wp-json\/wp\/v2\/product_tag?post=10560"}],"curies":[{"name":"wp","href":"https:\/\/api.w.org\/{rel}","templated":true}]}}