{"id":10559,"date":"2022-01-19T11:36:52","date_gmt":"2022-01-19T10:36:52","guid":{"rendered":"https:\/\/eoitecne.it\/prodotto\/bmk-8i-accu\/"},"modified":"2025-10-08T17:20:32","modified_gmt":"2025-10-08T15:20:32","slug":"bmk-8i-accu","status":"publish","type":"product","link":"https:\/\/eoitecne.it\/en\/product\/bmk-8i-accu\/","title":{"rendered":"BMK-8i Accu"},"content":{"rendered":"<table class=\"dati-tecnici\" border=\"0\">\n<tbody>\n<tr>\n<td><strong>Application range:<\/strong><\/td>\n<td>M3 \u2013 M10 RD, \u00d8 2\u20138 mm<\/td>\n<\/tr>\n<tr>\n<td><strong>Materials:<\/strong><\/td>\n<td>Iron, stainless steel, heat-resistant steel (aluminum in specific cases)<\/td>\n<\/tr>\n<tr>\n<td><strong>Welding system:<\/strong><\/td>\n<td>Short arc and lift arc<\/td>\n<\/tr>\n<tr>\n<td><strong>Standard welding guns:<\/strong><\/td>\n<td>PH-9 SRM<\/td>\n<\/tr>\n<tr>\n<td><strong>Welding current:<\/strong><\/td>\n<td>100 A to 300 A<\/td>\n<\/tr>\n<tr>\n<td><strong>Welding time:<\/strong><\/td>\n<td>20 to 500 ms<\/td>\n<\/tr>\n<tr>\n<td><strong>Welding sequence:<\/strong><\/td>\n<td>\u00d8 6 mm up to 10 studs\/min | \u00d8 8 mm up to 8 studs<\/td>\n<\/tr>\n<tr>\n<td><strong>Mains supply:<\/strong><\/td>\n<td>110 \u2013 230 V, 50\/60 Hz, 10 A (charger)<\/td>\n<\/tr>\n<tr>\n<td><strong>Battery type:<\/strong><\/td>\n<td>Lithium<\/td>\n<\/tr>\n<tr>\n<td><strong>Battery capacity:<\/strong><\/td>\n<td>310 Wh<\/td>\n<\/tr>\n<tr>\n<td><strong>Number of welds per charge:<\/strong><\/td>\n<td>\u00d8 6 mm up to 500 studs | \u00d8 8 mm up to 450 studs<\/td>\n<\/tr>\n<tr>\n<td><strong>Dimensions:<\/strong><\/td>\n<td>190 \u00d7 300 \u00d7 400 mm (W \u00d7 H \u00d7 L)<\/td>\n<\/tr>\n<tr>\n<td><strong>Weight:<\/strong><\/td>\n<td>8 kg<\/td>\n<\/tr>\n<tr>\n<td><strong>Color:<\/strong><\/td>\n<td>RAL 5009 Blue<\/td>\n<\/tr>\n<\/tbody>\n<\/table>\n","protected":false},"excerpt":{"rendered":"<p>The BMK-8i welder is a compact and powerful mobile solution, designed to operate without the need for connection to the power grid thanks to its high-quality internal batteries. Extremely energy-efficient, it ensures consistent performance and versatile application across various operational contexts.<\/p>\n<p>The high-capacity battery can be easily recharged via the integrated smart charging module, guaranteeing continuous operation and maximum autonomy even in challenging environments or those without direct power supply.<\/p>\n","protected":false},"featured_media":10184,"template":"","meta":[],"product_brand":[],"product_cat":[299,291,302],"product_tag":[],"class_list":{"0":"post-10559","1":"product","2":"type-product","3":"status-publish","4":"has-post-thumbnail","6":"product_cat-srm-arc-welders-en","7":"product_cat-stud-welding","8":"product_cat-welders-soyer","10":"first","11":"instock","12":"shipping-taxable","13":"product-type-simple"},"acf":[],"_links":{"self":[{"href":"https:\/\/eoitecne.it\/en\/wp-json\/wp\/v2\/product\/10559","targetHints":{"allow":["GET"]}}],"collection":[{"href":"https:\/\/eoitecne.it\/en\/wp-json\/wp\/v2\/product"}],"about":[{"href":"https:\/\/eoitecne.it\/en\/wp-json\/wp\/v2\/types\/product"}],"wp:featuredmedia":[{"embeddable":true,"href":"https:\/\/eoitecne.it\/en\/wp-json\/wp\/v2\/media\/10184"}],"wp:attachment":[{"href":"https:\/\/eoitecne.it\/en\/wp-json\/wp\/v2\/media?parent=10559"}],"wp:term":[{"taxonomy":"product_brand","embeddable":true,"href":"https:\/\/eoitecne.it\/en\/wp-json\/wp\/v2\/product_brand?post=10559"},{"taxonomy":"product_cat","embeddable":true,"href":"https:\/\/eoitecne.it\/en\/wp-json\/wp\/v2\/product_cat?post=10559"},{"taxonomy":"product_tag","embeddable":true,"href":"https:\/\/eoitecne.it\/en\/wp-json\/wp\/v2\/product_tag?post=10559"}],"curies":[{"name":"wp","href":"https:\/\/api.w.org\/{rel}","templated":true}]}}